{"id":3130,"date":"2020-06-30T08:26:54","date_gmt":"2020-06-30T08:26:54","guid":{"rendered":"http:\/\/wpdemo.archiwp.com\/theratio-sidenav\/?page_id=3130"},"modified":"2024-08-27T21:18:21","modified_gmt":"2024-08-27T18:18:21","slug":"portfoolio","status":"publish","type":"page","link":"https:\/\/mettarhstuudio.ee\/en\/portfoolio\/","title":{"rendered":"Portfolio"},"content":{"rendered":"<div data-elementor-type=\"wp-page\" data-elementor-id=\"3130\" class=\"elementor elementor-3130\" data-elementor-post-type=\"page\">\n\t\t\t\t<div class=\"elementor-element elementor-element-e7684fd e-flex e-con-boxed e-con e-parent\" data-id=\"e7684fd\" data-element_type=\"container\">\n\t\t\t\t\t<div class=\"e-con-inner\">\n\t\t\t\t<div class=\"elementor-element elementor-element-6796064 theratio-align-center elementor-widget elementor-widget-iheading\" data-id=\"6796064\" data-element_type=\"widget\" data-widget_type=\"iheading.default\">\n\t\t\t\t<div class=\"elementor-widget-container\">\n\t\t\t\t\t<div class=\"ot-heading\">\r\n\t        \t        <h2 class=\"main-heading\">COMPLETED WORK<\/h2>\t    <\/div>\r\n\t    \t\t<\/div>\n\t\t\t\t<\/div>\n\t\t\t\t<div class=\"elementor-element elementor-element-4083226 elementor-widget elementor-widget-ipfilter\" data-id=\"4083226\" data-element_type=\"widget\" data-widget_type=\"ipfilter.default\">\n\t\t\t\t<div class=\"elementor-widget-container\">\n\t\t\t\n\t\t<div class=\"project-filter-wrapper\">\n\t\t\t\t        \t<div class=\"container\">\n\t        \t\t<ul class=\"project_filters\">\n\t        \t\t\t\t        \t\t\t \t<li><a href=\"#\" data-filter=\"*\" class=\"selected btn-details\">Everything<\/a><\/li>\n\t        \t\t\t\t\t                \t\t                    <li>\n\t\t\t\t\t\t\t\t<a class=\"btn-details\" href='#' data-filter='.category-39'>Public space<\/a>\n\t\t\t\t\t\t\t<\/li>\t                    \n\t\t                \t\t                    <li>\n\t\t\t\t\t\t\t\t<a class=\"btn-details\" href='#' data-filter='.category-38'>Private garden<\/a>\n\t\t\t\t\t\t\t<\/li>\t                    \n\t\t                \t\t                    <li>\n\t\t\t\t\t\t\t\t<a class=\"btn-details\" href='#' data-filter='.category-54'>Community area<\/a>\n\t\t\t\t\t\t\t<\/li>\t                    \n\t\t                \t\t\t\t\t<\/ul>\n\t\t\t\t<\/div>\n\t        \t\t\t\t        <div class=\"projects-grid pf_3_cols style-1 img-scale w-auto\" data-load=\"3\" data-count=\"10\">\n\t\t\t<div class=\"grid-sizer\"><\/div>\n\t            \n<div class=\"project-item category-38\">\n\t<div class=\"projects-box\">\n\t\t<div class=\"projects-thumbnail\" data-src=\"https:\/\/mettarhstuudio.ee\/wp-content\/uploads\/2019\/11\/port.jpg\" data-sub-html=\"Saue tee, J\u00f5el\u00e4htme\">\n\t\t\t<a href=\"https:\/\/mettarhstuudio.ee\/en\/tehtud-projektid\/saue-tea-river-bay\/\">\n\t\t\t\t<img fetchpriority=\"high\" decoding=\"async\" width=\"720\" height=\"720\" src=\"https:\/\/mettarhstuudio.ee\/wp-content\/uploads\/2019\/11\/port.jpg\" class=\"attachment-theratio-portfolio-thumbnail-grid size-theratio-portfolio-thumbnail-grid wp-post-image\" alt=\"\" srcset=\"https:\/\/mettarhstuudio.ee\/wp-content\/uploads\/2019\/11\/port.jpg 720w, https:\/\/mettarhstuudio.ee\/wp-content\/uploads\/2019\/11\/port-300x300.jpg 300w, https:\/\/mettarhstuudio.ee\/wp-content\/uploads\/2019\/11\/port-150x150.jpg 150w, https:\/\/mettarhstuudio.ee\/wp-content\/uploads\/2019\/11\/port-12x12.jpg 12w\" sizes=\"(max-width: 720px) 100vw, 720px\" \/>\t\t\t<\/a>\n\t\t\t\n\t\t\t<span class=\"overlay\">\n\t\t\t\t<h5>Saue Road, J\u00f5el\u00e4htme<\/h5>\n\t\t\t\t<i class=\"ot-flaticon-add\"><\/i>\n\t\t\t<\/span>\n\t\t<\/div>\n\t\t<div class=\"portfolio-info\">\n\t\t\t<div class=\"portfolio-info-inner\">\n\t\t\t\t<h5><a class=\"title-link\" href=\"https:\/\/mettarhstuudio.ee\/en\/tehtud-projektid\/saue-tea-river-bay\/\" data-src=\"https:\/\/mettarhstuudio.ee\/wp-content\/uploads\/2019\/11\/port.jpg\" data-sub-html=\"Saue tee, J\u00f5el\u00e4htme\">Saue Road, J\u00f5el\u00e4htme<\/a><\/h5>\n\t\t\t\t<p class=\"portfolio-cates\"><a href=\"https:\/\/mettarhstuudio.ee\/en\/portfolio-category\/private-garden\/\">Private garden<\/a><\/p> \n\t\t\t<\/div>\n\t\t\t<a class=\"overlay\" href=\"https:\/\/mettarhstuudio.ee\/en\/tehtud-projektid\/saue-tea-river-bay\/\"><\/a>\n\t\t<\/div>\n\t<\/div>\n<\/div>\n<div class=\"project-item category-39 category-54\">\n\t<div class=\"projects-box\">\n\t\t<div class=\"projects-thumbnail\" data-src=\"https:\/\/mettarhstuudio.ee\/wp-content\/uploads\/2019\/11\/port.jpg\" data-sub-html=\"Kellam\u00e4e park, Maardu\">\n\t\t\t<a href=\"https:\/\/mettarhstuudio.ee\/en\/tehtud-projektid\/stylish-family-apartment\/\">\n\t\t\t\t<img fetchpriority=\"high\" decoding=\"async\" width=\"720\" height=\"720\" src=\"https:\/\/mettarhstuudio.ee\/wp-content\/uploads\/2019\/11\/port.jpg\" class=\"attachment-theratio-portfolio-thumbnail-grid size-theratio-portfolio-thumbnail-grid wp-post-image\" alt=\"\" srcset=\"https:\/\/mettarhstuudio.ee\/wp-content\/uploads\/2019\/11\/port.jpg 720w, https:\/\/mettarhstuudio.ee\/wp-content\/uploads\/2019\/11\/port-300x300.jpg 300w, https:\/\/mettarhstuudio.ee\/wp-content\/uploads\/2019\/11\/port-150x150.jpg 150w, https:\/\/mettarhstuudio.ee\/wp-content\/uploads\/2019\/11\/port-12x12.jpg 12w\" sizes=\"(max-width: 720px) 100vw, 720px\" \/>\t\t\t<\/a>\n\t\t\t\n\t\t\t<span class=\"overlay\">\n\t\t\t\t<h5>Kellam\u00e4e Park, Maardu<\/h5>\n\t\t\t\t<i class=\"ot-flaticon-add\"><\/i>\n\t\t\t<\/span>\n\t\t<\/div>\n\t\t<div class=\"portfolio-info\">\n\t\t\t<div class=\"portfolio-info-inner\">\n\t\t\t\t<h5><a class=\"title-link\" href=\"https:\/\/mettarhstuudio.ee\/en\/tehtud-projektid\/stylish-family-apartment\/\" data-src=\"https:\/\/mettarhstuudio.ee\/wp-content\/uploads\/2019\/11\/port.jpg\" data-sub-html=\"Kellam\u00e4e park, Maardu\">Kellam\u00e4e Park, Maardu<\/a><\/h5>\n\t\t\t\t<p class=\"portfolio-cates\"><a href=\"https:\/\/mettarhstuudio.ee\/en\/portfolio-category\/public-space\/\">Public space<\/a><a href=\"https:\/\/mettarhstuudio.ee\/en\/portfolio-category\/community-area\/\">Community area<\/a><\/p> \n\t\t\t<\/div>\n\t\t\t<a class=\"overlay\" href=\"https:\/\/mettarhstuudio.ee\/en\/tehtud-projektid\/stylish-family-apartment\/\"><\/a>\n\t\t<\/div>\n\t<\/div>\n<\/div>\n<div class=\"project-item category-39\">\n\t<div class=\"projects-box\">\n\t\t<div class=\"projects-thumbnail\" data-src=\"https:\/\/mettarhstuudio.ee\/wp-content\/uploads\/2019\/11\/port.jpg\" data-sub-html=\"Kalda pst 1, Kuressaare\">\n\t\t\t<a href=\"https:\/\/mettarhstuudio.ee\/en\/tehtud-projektid\/shore-pst-1-kuressaari\/\">\n\t\t\t\t<img fetchpriority=\"high\" decoding=\"async\" width=\"720\" height=\"720\" src=\"https:\/\/mettarhstuudio.ee\/wp-content\/uploads\/2019\/11\/port.jpg\" class=\"attachment-theratio-portfolio-thumbnail-grid size-theratio-portfolio-thumbnail-grid wp-post-image\" alt=\"\" srcset=\"https:\/\/mettarhstuudio.ee\/wp-content\/uploads\/2019\/11\/port.jpg 720w, https:\/\/mettarhstuudio.ee\/wp-content\/uploads\/2019\/11\/port-300x300.jpg 300w, https:\/\/mettarhstuudio.ee\/wp-content\/uploads\/2019\/11\/port-150x150.jpg 150w, https:\/\/mettarhstuudio.ee\/wp-content\/uploads\/2019\/11\/port-12x12.jpg 12w\" sizes=\"(max-width: 720px) 100vw, 720px\" \/>\t\t\t<\/a>\n\t\t\t\n\t\t\t<span class=\"overlay\">\n\t\t\t\t<h5>Kalda pst 1, Kuressaare<\/h5>\n\t\t\t\t<i class=\"ot-flaticon-add\"><\/i>\n\t\t\t<\/span>\n\t\t<\/div>\n\t\t<div class=\"portfolio-info\">\n\t\t\t<div class=\"portfolio-info-inner\">\n\t\t\t\t<h5><a class=\"title-link\" href=\"https:\/\/mettarhstuudio.ee\/en\/tehtud-projektid\/shore-pst-1-kuressaari\/\" data-src=\"https:\/\/mettarhstuudio.ee\/wp-content\/uploads\/2019\/11\/port.jpg\" data-sub-html=\"Kalda pst 1, Kuressaare\">Kalda pst 1, Kuressaare<\/a><\/h5>\n\t\t\t\t<p class=\"portfolio-cates\"><a href=\"https:\/\/mettarhstuudio.ee\/en\/portfolio-category\/public-space\/\">Public space<\/a><\/p> \n\t\t\t<\/div>\n\t\t\t<a class=\"overlay\" href=\"https:\/\/mettarhstuudio.ee\/en\/tehtud-projektid\/shore-pst-1-kuressaari\/\"><\/a>\n\t\t<\/div>\n\t<\/div>\n<\/div>\n<div class=\"project-item category-39\">\n\t<div class=\"projects-box\">\n\t\t<div class=\"projects-thumbnail\" data-src=\"https:\/\/mettarhstuudio.ee\/wp-content\/uploads\/2019\/11\/port.jpg\" data-sub-html=\"Raba tn 18 \/\/ Lille tn 35, P\u00e4rnu\">\n\t\t\t<a href=\"https:\/\/mettarhstuudio.ee\/en\/tehtud-projektid\/raba-tn-18-lille-tn-35-parnu\/\">\n\t\t\t\t<img fetchpriority=\"high\" decoding=\"async\" width=\"720\" height=\"720\" src=\"https:\/\/mettarhstuudio.ee\/wp-content\/uploads\/2019\/11\/port.jpg\" class=\"attachment-theratio-portfolio-thumbnail-grid size-theratio-portfolio-thumbnail-grid wp-post-image\" alt=\"\" srcset=\"https:\/\/mettarhstuudio.ee\/wp-content\/uploads\/2019\/11\/port.jpg 720w, https:\/\/mettarhstuudio.ee\/wp-content\/uploads\/2019\/11\/port-300x300.jpg 300w, https:\/\/mettarhstuudio.ee\/wp-content\/uploads\/2019\/11\/port-150x150.jpg 150w, https:\/\/mettarhstuudio.ee\/wp-content\/uploads\/2019\/11\/port-12x12.jpg 12w\" sizes=\"(max-width: 720px) 100vw, 720px\" \/>\t\t\t<\/a>\n\t\t\t\n\t\t\t<span class=\"overlay\">\n\t\t\t\t<h5>Raba tn 18 \/\/ Lille tn 35, P\u00e4rnu<\/h5>\n\t\t\t\t<i class=\"ot-flaticon-add\"><\/i>\n\t\t\t<\/span>\n\t\t<\/div>\n\t\t<div class=\"portfolio-info\">\n\t\t\t<div class=\"portfolio-info-inner\">\n\t\t\t\t<h5><a class=\"title-link\" href=\"https:\/\/mettarhstuudio.ee\/en\/tehtud-projektid\/raba-tn-18-lille-tn-35-parnu\/\" data-src=\"https:\/\/mettarhstuudio.ee\/wp-content\/uploads\/2019\/11\/port.jpg\" data-sub-html=\"Raba tn 18 \/\/ Lille tn 35, P\u00e4rnu\">Raba tn 18 \/\/ Lille tn 35, P\u00e4rnu<\/a><\/h5>\n\t\t\t\t<p class=\"portfolio-cates\"><a href=\"https:\/\/mettarhstuudio.ee\/en\/portfolio-category\/public-space\/\">Public space<\/a><\/p> \n\t\t\t<\/div>\n\t\t\t<a class=\"overlay\" href=\"https:\/\/mettarhstuudio.ee\/en\/tehtud-projektid\/raba-tn-18-lille-tn-35-parnu\/\"><\/a>\n\t\t<\/div>\n\t<\/div>\n<\/div>\n<div class=\"project-item category-39\">\n\t<div class=\"projects-box\">\n\t\t<div class=\"projects-thumbnail\" data-src=\"https:\/\/mettarhstuudio.ee\/wp-content\/uploads\/2019\/11\/port.jpg\" data-sub-html=\"Peipsi\u00e4\u00e4rne, Tartu\">\n\t\t\t<a href=\"https:\/\/mettarhstuudio.ee\/en\/tehtud-projektid\/peipsiaar-tartu\/\">\n\t\t\t\t<img fetchpriority=\"high\" decoding=\"async\" width=\"720\" height=\"720\" src=\"https:\/\/mettarhstuudio.ee\/wp-content\/uploads\/2019\/11\/port.jpg\" class=\"attachment-theratio-portfolio-thumbnail-grid size-theratio-portfolio-thumbnail-grid wp-post-image\" alt=\"\" srcset=\"https:\/\/mettarhstuudio.ee\/wp-content\/uploads\/2019\/11\/port.jpg 720w, https:\/\/mettarhstuudio.ee\/wp-content\/uploads\/2019\/11\/port-300x300.jpg 300w, https:\/\/mettarhstuudio.ee\/wp-content\/uploads\/2019\/11\/port-150x150.jpg 150w, https:\/\/mettarhstuudio.ee\/wp-content\/uploads\/2019\/11\/port-12x12.jpg 12w\" sizes=\"(max-width: 720px) 100vw, 720px\" \/>\t\t\t<\/a>\n\t\t\t\n\t\t\t<span class=\"overlay\">\n\t\t\t\t<h5>Peipsi\u00e4\u00e4rne, Tartu<\/h5>\n\t\t\t\t<i class=\"ot-flaticon-add\"><\/i>\n\t\t\t<\/span>\n\t\t<\/div>\n\t\t<div class=\"portfolio-info\">\n\t\t\t<div class=\"portfolio-info-inner\">\n\t\t\t\t<h5><a class=\"title-link\" href=\"https:\/\/mettarhstuudio.ee\/en\/tehtud-projektid\/peipsiaar-tartu\/\" data-src=\"https:\/\/mettarhstuudio.ee\/wp-content\/uploads\/2019\/11\/port.jpg\" data-sub-html=\"Peipsi\u00e4\u00e4rne, Tartu\">Peipsi\u00e4\u00e4rne, Tartu<\/a><\/h5>\n\t\t\t\t<p class=\"portfolio-cates\"><a href=\"https:\/\/mettarhstuudio.ee\/en\/portfolio-category\/public-space\/\">Public space<\/a><\/p> \n\t\t\t<\/div>\n\t\t\t<a class=\"overlay\" href=\"https:\/\/mettarhstuudio.ee\/en\/tehtud-projektid\/peipsiaar-tartu\/\"><\/a>\n\t\t<\/div>\n\t<\/div>\n<\/div>\n<div class=\"project-item category-39\">\n\t<div class=\"projects-box\">\n\t\t<div class=\"projects-thumbnail\" data-src=\"https:\/\/mettarhstuudio.ee\/wp-content\/uploads\/2019\/11\/port.jpg\" data-sub-html=\"Anne kanal, Tartu\">\n\t\t\t<a href=\"https:\/\/mettarhstuudio.ee\/en\/tehtud-projektid\/anne-kanal-tartu\/\">\n\t\t\t\t<img fetchpriority=\"high\" decoding=\"async\" width=\"720\" height=\"720\" src=\"https:\/\/mettarhstuudio.ee\/wp-content\/uploads\/2019\/11\/port.jpg\" class=\"attachment-theratio-portfolio-thumbnail-grid size-theratio-portfolio-thumbnail-grid wp-post-image\" alt=\"\" srcset=\"https:\/\/mettarhstuudio.ee\/wp-content\/uploads\/2019\/11\/port.jpg 720w, https:\/\/mettarhstuudio.ee\/wp-content\/uploads\/2019\/11\/port-300x300.jpg 300w, https:\/\/mettarhstuudio.ee\/wp-content\/uploads\/2019\/11\/port-150x150.jpg 150w, https:\/\/mettarhstuudio.ee\/wp-content\/uploads\/2019\/11\/port-12x12.jpg 12w\" sizes=\"(max-width: 720px) 100vw, 720px\" \/>\t\t\t<\/a>\n\t\t\t\n\t\t\t<span class=\"overlay\">\n\t\t\t\t<h5>Anne channel, Tartu<\/h5>\n\t\t\t\t<i class=\"ot-flaticon-add\"><\/i>\n\t\t\t<\/span>\n\t\t<\/div>\n\t\t<div class=\"portfolio-info\">\n\t\t\t<div class=\"portfolio-info-inner\">\n\t\t\t\t<h5><a class=\"title-link\" href=\"https:\/\/mettarhstuudio.ee\/en\/tehtud-projektid\/anne-kanal-tartu\/\" data-src=\"https:\/\/mettarhstuudio.ee\/wp-content\/uploads\/2019\/11\/port.jpg\" data-sub-html=\"Anne kanal, Tartu\">Anne channel, Tartu<\/a><\/h5>\n\t\t\t\t<p class=\"portfolio-cates\"><a href=\"https:\/\/mettarhstuudio.ee\/en\/portfolio-category\/public-space\/\">Public space<\/a><\/p> \n\t\t\t<\/div>\n\t\t\t<a class=\"overlay\" href=\"https:\/\/mettarhstuudio.ee\/en\/tehtud-projektid\/anne-kanal-tartu\/\"><\/a>\n\t\t<\/div>\n\t<\/div>\n<\/div>\t\t\t<\/div>\n\n\t\t\t<div class=\"btn-block\"><a href=\"#\" class=\"btn-loadmore octf-btn\" data-category=\"\" data-loaded=\"Laadi rohkem\" data-loading=\"Laadimine...\" data-style=\"grid\">Load more<\/a><\/div>\t    <\/div>\n\t\t\t\t\t\t\t\t\t\t\n\t    \t\t<\/div>\n\t\t\t\t<\/div>\n\t\t\t\t\t<\/div>\n\t\t\t\t<\/div>\n\t\t\t\t<\/div>","protected":false},"excerpt":{"rendered":"<p>WORKS DONE All Public space Private garden Community area Kellam\u00e4e park, Maardu Kellam\u00e4e park, Maardu Public space Community area Kalda pst 1, Kuressaare Kalda pst 1, Kuressaare Public space Raba tn 18 \/\/ Lille tn 35, P\u00e4rnu Raba tn 18 \/\/ Lille tn 35, P\u00e4rnu Public space Peipsi\u00e4\u00e4rne, Tartu Peipsi\u00e4\u00e4rne, Tartu Public space Anne canal, Tartu Anne canal, Tartu [\u2026]<\/p>","protected":false},"author":1,"featured_media":0,"parent":0,"menu_order":0,"comment_status":"closed","ping_status":"closed","template":"","meta":{"footnotes":""},"yoast_head":"<!-- This site is optimized with the Yoast SEO plugin v23.3 - https:\/\/yoast.com\/wordpress\/plugins\/seo\/ -->\n<title>Portfoolio - Mett Arhitektuuristuudio<\/title>\n<meta name=\"description\" content=\"Iga projekt on ainulaadne eksklusiivne disainilahendus, mis on v\u00e4lja t\u00f6\u00f6tatud kliendi n\u00f5uete kohaselt.\" \/>\n<meta name=\"robots\" content=\"index, follow, max-snippet:-1, max-image-preview:large, max-video-preview:-1\" \/>\n<link rel=\"canonical\" href=\"https:\/\/mettarhstuudio.ee\/en\/portfoolio\/\" \/>\n<meta property=\"og:locale\" content=\"en_US\" \/>\n<meta property=\"og:type\" content=\"article\" \/>\n<meta property=\"og:title\" content=\"Portfoolio - Mett Arhitektuuristuudio\" \/>\n<meta property=\"og:description\" content=\"Iga projekt on ainulaadne eksklusiivne disainilahendus, mis on v\u00e4lja t\u00f6\u00f6tatud kliendi n\u00f5uete kohaselt.\" \/>\n<meta property=\"og:url\" content=\"https:\/\/mettarhstuudio.ee\/en\/portfoolio\/\" \/>\n<meta property=\"og:site_name\" content=\"Mett Arhitektuuristuudio\" \/>\n<meta property=\"article:modified_time\" content=\"2024-08-27T18:18:21+00:00\" \/>\n<meta property=\"og:image\" content=\"https:\/\/mettarhstuudio.ee\/wp-content\/uploads\/2019\/11\/port.jpg\" \/>\n<meta name=\"twitter:card\" content=\"summary_large_image\" \/>\n<meta name=\"twitter:label1\" content=\"Est. reading time\" \/>\n\t<meta name=\"twitter:data1\" content=\"3 minutes\" \/>\n<script type=\"application\/ld+json\" class=\"yoast-schema-graph\">{\"@context\":\"https:\/\/schema.org\",\"@graph\":[{\"@type\":\"WebPage\",\"@id\":\"https:\/\/mettarhstuudio.ee\/portfoolio\/\",\"url\":\"https:\/\/mettarhstuudio.ee\/portfoolio\/\",\"name\":\"Portfoolio - Mett Arhitektuuristuudio\",\"isPartOf\":{\"@id\":\"https:\/\/mettarhstuudio.ee\/#website\"},\"primaryImageOfPage\":{\"@id\":\"https:\/\/mettarhstuudio.ee\/portfoolio\/#primaryimage\"},\"image\":{\"@id\":\"https:\/\/mettarhstuudio.ee\/portfoolio\/#primaryimage\"},\"thumbnailUrl\":\"https:\/\/mettarhstuudio.ee\/wp-content\/uploads\/2019\/11\/port.jpg\",\"datePublished\":\"2020-06-30T08:26:54+00:00\",\"dateModified\":\"2024-08-27T18:18:21+00:00\",\"description\":\"Iga projekt on ainulaadne eksklusiivne disainilahendus, mis on v\u00e4lja t\u00f6\u00f6tatud kliendi n\u00f5uete kohaselt.\",\"breadcrumb\":{\"@id\":\"https:\/\/mettarhstuudio.ee\/portfoolio\/#breadcrumb\"},\"inLanguage\":\"en-US\",\"potentialAction\":[{\"@type\":\"ReadAction\",\"target\":[\"https:\/\/mettarhstuudio.ee\/portfoolio\/\"]}]},{\"@type\":\"ImageObject\",\"inLanguage\":\"en-US\",\"@id\":\"https:\/\/mettarhstuudio.ee\/portfoolio\/#primaryimage\",\"url\":\"https:\/\/mettarhstuudio.ee\/wp-content\/uploads\/2019\/11\/port.jpg\",\"contentUrl\":\"https:\/\/mettarhstuudio.ee\/wp-content\/uploads\/2019\/11\/port.jpg\"},{\"@type\":\"BreadcrumbList\",\"@id\":\"https:\/\/mettarhstuudio.ee\/portfoolio\/#breadcrumb\",\"itemListElement\":[{\"@type\":\"ListItem\",\"position\":1,\"name\":\"Home\",\"item\":\"https:\/\/mettarhstuudio.ee\/\"},{\"@type\":\"ListItem\",\"position\":2,\"name\":\"Portfoolio\"}]},{\"@type\":\"WebSite\",\"@id\":\"https:\/\/mettarhstuudio.ee\/#website\",\"url\":\"https:\/\/mettarhstuudio.ee\/\",\"name\":\"Mett Arhitektuuristuudio\",\"description\":\"\",\"publisher\":{\"@id\":\"https:\/\/mettarhstuudio.ee\/#organization\"},\"potentialAction\":[{\"@type\":\"SearchAction\",\"target\":{\"@type\":\"EntryPoint\",\"urlTemplate\":\"https:\/\/mettarhstuudio.ee\/?s={search_term_string}\"},\"query-input\":\"required name=search_term_string\"}],\"inLanguage\":\"en-US\"},{\"@type\":\"Organization\",\"@id\":\"https:\/\/mettarhstuudio.ee\/#organization\",\"name\":\"Mett Arhitektuuristuudio\",\"url\":\"https:\/\/mettarhstuudio.ee\/\",\"logo\":{\"@type\":\"ImageObject\",\"inLanguage\":\"en-US\",\"@id\":\"https:\/\/mettarhstuudio.ee\/#\/schema\/logo\/image\/\",\"url\":\"https:\/\/mettarhstuudio.ee\/wp-content\/uploads\/2024\/07\/logo-png_1-e1721491683987.png\",\"contentUrl\":\"https:\/\/mettarhstuudio.ee\/wp-content\/uploads\/2024\/07\/logo-png_1-e1721491683987.png\",\"width\":1034,\"height\":976,\"caption\":\"Mett Arhitektuuristuudio\"},\"image\":{\"@id\":\"https:\/\/mettarhstuudio.ee\/#\/schema\/logo\/image\/\"}}]}<\/script>\n<!-- \/ Yoast SEO plugin. -->","yoast_head_json":{"title":"Portfoolio - Mett Arhitektuuristuudio","description":"Iga projekt on ainulaadne eksklusiivne disainilahendus, mis on v\u00e4lja t\u00f6\u00f6tatud kliendi n\u00f5uete kohaselt.","robots":{"index":"index","follow":"follow","max-snippet":"max-snippet:-1","max-image-preview":"max-image-preview:large","max-video-preview":"max-video-preview:-1"},"canonical":"https:\/\/mettarhstuudio.ee\/en\/portfoolio\/","og_locale":"en_US","og_type":"article","og_title":"Portfoolio - Mett Arhitektuuristuudio","og_description":"Iga projekt on ainulaadne eksklusiivne disainilahendus, mis on v\u00e4lja t\u00f6\u00f6tatud kliendi n\u00f5uete kohaselt.","og_url":"https:\/\/mettarhstuudio.ee\/en\/portfoolio\/","og_site_name":"Mett Arhitektuuristuudio","article_modified_time":"2024-08-27T18:18:21+00:00","og_image":[{"url":"https:\/\/mettarhstuudio.ee\/wp-content\/uploads\/2019\/11\/port.jpg"}],"twitter_card":"summary_large_image","twitter_misc":{"Est. reading time":"3 minutes"},"schema":{"@context":"https:\/\/schema.org","@graph":[{"@type":"WebPage","@id":"https:\/\/mettarhstuudio.ee\/portfoolio\/","url":"https:\/\/mettarhstuudio.ee\/portfoolio\/","name":"Portfoolio - Mett Arhitektuuristuudio","isPartOf":{"@id":"https:\/\/mettarhstuudio.ee\/#website"},"primaryImageOfPage":{"@id":"https:\/\/mettarhstuudio.ee\/portfoolio\/#primaryimage"},"image":{"@id":"https:\/\/mettarhstuudio.ee\/portfoolio\/#primaryimage"},"thumbnailUrl":"https:\/\/mettarhstuudio.ee\/wp-content\/uploads\/2019\/11\/port.jpg","datePublished":"2020-06-30T08:26:54+00:00","dateModified":"2024-08-27T18:18:21+00:00","description":"Iga projekt on ainulaadne eksklusiivne disainilahendus, mis on v\u00e4lja t\u00f6\u00f6tatud kliendi n\u00f5uete kohaselt.","breadcrumb":{"@id":"https:\/\/mettarhstuudio.ee\/portfoolio\/#breadcrumb"},"inLanguage":"en-US","potentialAction":[{"@type":"ReadAction","target":["https:\/\/mettarhstuudio.ee\/portfoolio\/"]}]},{"@type":"ImageObject","inLanguage":"en-US","@id":"https:\/\/mettarhstuudio.ee\/portfoolio\/#primaryimage","url":"https:\/\/mettarhstuudio.ee\/wp-content\/uploads\/2019\/11\/port.jpg","contentUrl":"https:\/\/mettarhstuudio.ee\/wp-content\/uploads\/2019\/11\/port.jpg"},{"@type":"BreadcrumbList","@id":"https:\/\/mettarhstuudio.ee\/portfoolio\/#breadcrumb","itemListElement":[{"@type":"ListItem","position":1,"name":"Home","item":"https:\/\/mettarhstuudio.ee\/"},{"@type":"ListItem","position":2,"name":"Portfoolio"}]},{"@type":"WebSite","@id":"https:\/\/mettarhstuudio.ee\/#website","url":"https:\/\/mettarhstuudio.ee\/","name":"Mett Arhitektuuristuudio","description":"","publisher":{"@id":"https:\/\/mettarhstuudio.ee\/#organization"},"potentialAction":[{"@type":"SearchAction","target":{"@type":"EntryPoint","urlTemplate":"https:\/\/mettarhstuudio.ee\/?s={search_term_string}"},"query-input":"required name=search_term_string"}],"inLanguage":"en-US"},{"@type":"Organization","@id":"https:\/\/mettarhstuudio.ee\/#organization","name":"Mett Arhitektuuristuudio","url":"https:\/\/mettarhstuudio.ee\/","logo":{"@type":"ImageObject","inLanguage":"en-US","@id":"https:\/\/mettarhstuudio.ee\/#\/schema\/logo\/image\/","url":"https:\/\/mettarhstuudio.ee\/wp-content\/uploads\/2024\/07\/logo-png_1-e1721491683987.png","contentUrl":"https:\/\/mettarhstuudio.ee\/wp-content\/uploads\/2024\/07\/logo-png_1-e1721491683987.png","width":1034,"height":976,"caption":"Mett Arhitektuuristuudio"},"image":{"@id":"https:\/\/mettarhstuudio.ee\/#\/schema\/logo\/image\/"}}]}},"_links":{"self":[{"href":"https:\/\/mettarhstuudio.ee\/en\/wp-json\/wp\/v2\/pages\/3130"}],"collection":[{"href":"https:\/\/mettarhstuudio.ee\/en\/wp-json\/wp\/v2\/pages"}],"about":[{"href":"https:\/\/mettarhstuudio.ee\/en\/wp-json\/wp\/v2\/types\/page"}],"author":[{"embeddable":true,"href":"https:\/\/mettarhstuudio.ee\/en\/wp-json\/wp\/v2\/users\/1"}],"replies":[{"embeddable":true,"href":"https:\/\/mettarhstuudio.ee\/en\/wp-json\/wp\/v2\/comments?post=3130"}],"version-history":[{"count":47,"href":"https:\/\/mettarhstuudio.ee\/en\/wp-json\/wp\/v2\/pages\/3130\/revisions"}],"predecessor-version":[{"id":5327,"href":"https:\/\/mettarhstuudio.ee\/en\/wp-json\/wp\/v2\/pages\/3130\/revisions\/5327"}],"wp:attachment":[{"href":"https:\/\/mettarhstuudio.ee\/en\/wp-json\/wp\/v2\/media?parent=3130"}],"curies":[{"name":"wp","href":"https:\/\/api.w.org\/{rel}","templated":true}]}}